{"id":2047,"date":"2023-08-22T15:01:17","date_gmt":"2023-08-22T15:01:17","guid":{"rendered":"https:\/\/www.centrohipicoguia.pt\/novo\/?page_id=2047"},"modified":"2024-07-19T09:04:27","modified_gmt":"2024-07-19T09:04:27","slug":"noticias","status":"publish","type":"page","link":"https:\/\/www.centrohipicoguia.pt\/novo\/noticias\/","title":{"rendered":"Not\u00edcias"},"content":{"rendered":"\t\t<div data-elementor-type=\"wp-page\" data-elementor-id=\"2047\" class=\"elementor elementor-2047\">\n\t\t\t\t\t\t<section class=\"elementor-section elementor-top-section elementor-element elementor-element-b4c9b64 elementor-section-full_width elementor-section-height-min-height elementor-section-height-default elementor-section-items-middle\" data-id=\"b4c9b64\" data-element_type=\"section\" data-e-type=\"section\" data-settings=\"{&quot;background_background&quot;:&quot;classic&quot;}\">\n\t\t\t\t\t\t\t<div class=\"elementor-background-overlay\"><\/div>\n\t\t\t\t\t\t\t<div class=\"elementor-container elementor-column-gap-default\">\n\t\t\t\t\t<div class=\"elementor-column elementor-col-100 elementor-top-column elementor-element elementor-element-6cd5289\" data-id=\"6cd5289\" data-element_type=\"column\" data-e-type=\"column\">\n\t\t\t<div class=\"elementor-widget-wrap\">\n\t\t\t\t\t\t\t<\/div>\n\t\t<\/div>\n\t\t\t\t\t<\/div>\n\t\t<\/section>\n\t\t\t\t<section class=\"elementor-section elementor-top-section elementor-element elementor-element-1096d20 elementor-section-full_width elementor-section-height-default elementor-section-height-default\" data-id=\"1096d20\" data-element_type=\"section\" data-e-type=\"section\" data-settings=\"{&quot;background_background&quot;:&quot;classic&quot;}\">\n\t\t\t\t\t\t<div class=\"elementor-container elementor-column-gap-no\">\n\t\t\t\t\t<div class=\"elementor-column elementor-col-100 elementor-top-column elementor-element elementor-element-2a3ec4f\" data-id=\"2a3ec4f\" data-element_type=\"column\" data-e-type=\"column\">\n\t\t\t<div class=\"elementor-widget-wrap elementor-element-populated\">\n\t\t\t\t\t\t<div class=\"elementor-element elementor-element-e8e47ba elementor-widget elementor-widget-heading\" data-id=\"e8e47ba\" data-element_type=\"widget\" data-e-type=\"widget\" data-widget_type=\"heading.default\">\n\t\t\t\t<div class=\"elementor-widget-container\">\n\t\t\t\t\t<h1 class=\"elementor-heading-title elementor-size-default\">Not\u00edcias<\/h1>\t\t\t\t<\/div>\n\t\t\t\t<\/div>\n\t\t\t\t<div class=\"elementor-element elementor-element-a6bc64c elementor-widget-divider--view-line_text animated-fast elementor-widget-divider--element-align-center elementor-invisible elementor-widget elementor-widget-divider\" data-id=\"a6bc64c\" data-element_type=\"widget\" data-e-type=\"widget\" data-settings=\"{&quot;_animation&quot;:&quot;fadeIn&quot;}\" data-widget_type=\"divider.default\">\n\t\t\t\t<div class=\"elementor-widget-container\">\n\t\t\t\t\t\t\t<div class=\"elementor-divider\">\n\t\t\t<span class=\"elementor-divider-separator\">\n\t\t\t\t\t\t\t<span class=\"elementor-divider__text elementor-divider__element\">\n\t\t\t\t\u00daltimos acontecimentos\t\t\t\t<\/span>\n\t\t\t\t\t\t<\/span>\n\t\t<\/div>\n\t\t\t\t\t\t<\/div>\n\t\t\t\t<\/div>\n\t\t\t\t<section class=\"elementor-section elementor-inner-section elementor-element elementor-element-2738062 elementor-section-boxed elementor-section-height-default elementor-section-height-default elementor-invisible\" data-id=\"2738062\" data-element_type=\"section\" data-e-type=\"section\" data-settings=\"{&quot;animation&quot;:&quot;fadeInUp&quot;}\">\n\t\t\t\t\t\t<div class=\"elementor-container elementor-column-gap-default\">\n\t\t\t\t\t<div class=\"elementor-column elementor-col-100 elementor-inner-column elementor-element elementor-element-a596c18\" data-id=\"a596c18\" data-element_type=\"column\" data-e-type=\"column\">\n\t\t\t<div class=\"elementor-widget-wrap elementor-element-populated\">\n\t\t\t\t\t\t<div class=\"elementor-element elementor-element-0367f70 upk-navigation-type-arrows upk-carousel-style-carousel elementor-widget elementor-widget-upk-alice-carousel\" data-id=\"0367f70\" data-element_type=\"widget\" data-e-type=\"widget\" data-widget_type=\"upk-alice-carousel.default\">\n\t\t\t\t<div class=\"elementor-widget-container\">\n\t\t\t\t\t\t\t<div id=\"upk-alice-carousel-0367f70\" class=\"upk-alice-carousel upk-arrows-align-center\" data-settings=\"{&quot;autoplay&quot;:{&quot;delay&quot;:5000},&quot;loop&quot;:true,&quot;speed&quot;:500,&quot;pauseOnHover&quot;:true,&quot;slidesPerView&quot;:1,&quot;slidesPerGroup&quot;:1,&quot;effect&quot;:&quot;carousel&quot;,&quot;direction&quot;:&quot;horizontal&quot;,&quot;watchSlidesVisibility&quot;:true,&quot;watchSlidesProgress&quot;:true,&quot;breakpoints&quot;:{&quot;767&quot;:{&quot;slidesPerView&quot;:2,&quot;spaceBetween&quot;:0,&quot;slidesPerGroup&quot;:1},&quot;1023&quot;:{&quot;slidesPerView&quot;:3,&quot;spaceBetween&quot;:20,&quot;slidesPerGroup&quot;:1}},&quot;navigation&quot;:{&quot;nextEl&quot;:&quot;#upk-alice-carousel-0367f70 .upk-navigation-next&quot;,&quot;prevEl&quot;:&quot;#upk-alice-carousel-0367f70 .upk-navigation-prev&quot;},&quot;pagination&quot;:{&quot;el&quot;:&quot;#upk-alice-carousel-0367f70 .swiper-pagination&quot;,&quot;type&quot;:&quot;&quot;,&quot;clickable&quot;:&quot;true&quot;,&quot;dynamicBullets&quot;:false},&quot;scrollbar&quot;:{&quot;el&quot;:&quot;#upk-alice-carousel-0367f70 .swiper-scrollbar&quot;,&quot;hide&quot;:&quot;true&quot;},&quot;coverflowEffect&quot;:{&quot;rotate&quot;:50,&quot;stretch&quot;:0,&quot;depth&quot;:100,&quot;modifier&quot;:1,&quot;slideShadows&quot;:true}}\">\n\t\t\t<div class=\"upk-content-bottom-left\">\n\t\t\t\t<div class=\"swiper-carousel swiper\">\n\t\t\t\t\t<div class=\"swiper-wrapper\">\n\t\t\t\t\t\t\t\t\t\t\t<div class=\"upk-item swiper-slide\">\n\t\t\t\t\t\t\t<div class=\"upk-item-box\">\n\t\t\t\t\t\t\t\t<div class=\"upk-img-wrap\">\n\t\t\t\t\t\t\t\t\t<img fetchpriority=\"high\" decoding=\"async\" width=\"984\" height=\"984\" src=\"https:\/\/www.centrohipicoguia.pt\/novo\/wp-content\/uploads\/2023\/08\/367712166_775695944557847_4570750310770740276_n.jpg\" class=\"upk-img\" alt=\"Noticia Teste\" srcset=\"https:\/\/www.centrohipicoguia.pt\/novo\/wp-content\/uploads\/2023\/08\/367712166_775695944557847_4570750310770740276_n.jpg 984w, https:\/\/www.centrohipicoguia.pt\/novo\/wp-content\/uploads\/2023\/08\/367712166_775695944557847_4570750310770740276_n-300x300.jpg 300w, https:\/\/www.centrohipicoguia.pt\/novo\/wp-content\/uploads\/2023\/08\/367712166_775695944557847_4570750310770740276_n-150x150.jpg 150w, https:\/\/www.centrohipicoguia.pt\/novo\/wp-content\/uploads\/2023\/08\/367712166_775695944557847_4570750310770740276_n-768x768.jpg 768w\" sizes=\"(max-width: 984px) 100vw, 984px\" \/>\t\t\t\t\t\t\t\t<\/div>\n\t\t\t\t\t\t\t\t\t\t\t\t\t\t\t\t<div class=\"upk-content\">\n\t\t\t\t\t\t\t\t\t<h4 class=\"upk-title\"><a href=\"https:\/\/www.centrohipicoguia.pt\/novo\/noticia-teste\/\" title=\"Noticia Teste\" class=\"title-animation-underline\" aria-label=\"Noticia Teste\">Noticia Teste<\/a><\/h4>\t\t\t\t\t\t\t\t\t\t\t\t\t\t\t\t\t\t<div class=\"upk-meta\">\n\t\t\t\t\t\t\t\t\t\t\t\t\t\t\t\t\t\t\t\t<div data-separator=\".\">\n\t\t\t\t\t\t\t\t\t\t\t\t<div class=\"upk-date\">\n\t\t\tSetembro 21, 2023\t\t<\/div>\n\n\t\t\t\t\t\t\t\t\t\t\t\t\t<\/div>\n\t\t\t\t\t\t\t\t\t\t\t\t\t\t\t\t\t\t\t<\/div>\n\t\t\t\t\t\t\t\t\t\t\t\t\t\t\t\t\t<\/div>\n\t\t\t\t\t\t\t<\/div>\n\t\t\t\t\t\t<\/div>\n\t\t\t\t\t\t<\/div>\n\t\t\t\t<\/div>\n\t\t\n\t\t\t\t\t\t\t\t\t\t\t<div class=\"upk-position-z-index upk-position-center upk-visible@m\">\n\t\t\t\t<div class=\"upk-arrows-container upk-slidenav-container\">\n\t\t\t\t\t<div class=\"upk-navigation-prev\">\n\t\t\t\t\t\t<i class=\"upk-icon-arrow-left-4\" aria-hidden=\"true\"><\/i>\n\t\t\t\t\t<\/div>\n\t\t\t\t\t<div class=\"upk-navigation-next\">\n\t\t\t\t\t\t<i class=\"upk-icon-arrow-right-4\" aria-hidden=\"true\"><\/i>\n\t\t\t\t\t<\/div>\n\t\t\t\t<\/div>\n\t\t\t<\/div>\n\t\t\t\t\n\t\t<\/div>\n\t\t<\/div>\n\t\t\t\t\t\t<\/div>\n\t\t\t\t<\/div>\n\t\t\t\t\t<\/div>\n\t\t<\/div>\n\t\t\t\t\t<\/div>\n\t\t<\/section>\n\t\t\t\t<div class=\"elementor-element elementor-element-317f3af elementor-widget-divider--view-line_text animated-fast elementor-widget-divider--element-align-center elementor-invisible elementor-widget elementor-widget-divider\" data-id=\"317f3af\" data-element_type=\"widget\" data-e-type=\"widget\" data-settings=\"{&quot;_animation&quot;:&quot;fadeIn&quot;}\" data-widget_type=\"divider.default\">\n\t\t\t\t<div class=\"elementor-widget-container\">\n\t\t\t\t\t\t\t<div class=\"elementor-divider\">\n\t\t\t<span class=\"elementor-divider-separator\">\n\t\t\t\t\t\t\t<span class=\"elementor-divider__text elementor-divider__element\">\n\t\t\t\tPr\u00f3ximos Eventos\t\t\t\t<\/span>\n\t\t\t\t\t\t<\/span>\n\t\t<\/div>\n\t\t\t\t\t\t<\/div>\n\t\t\t\t<\/div>\n\t\t\t\t<section class=\"elementor-section elementor-inner-section elementor-element elementor-element-afe17cd elementor-section-boxed elementor-section-height-default elementor-section-height-default elementor-invisible\" data-id=\"afe17cd\" data-element_type=\"section\" data-e-type=\"section\" data-settings=\"{&quot;animation&quot;:&quot;fadeInUp&quot;}\">\n\t\t\t\t\t\t<div class=\"elementor-container elementor-column-gap-default\">\n\t\t\t\t\t<div class=\"elementor-column elementor-col-100 elementor-inner-column elementor-element elementor-element-046c727\" data-id=\"046c727\" data-element_type=\"column\" data-e-type=\"column\">\n\t\t\t<div class=\"elementor-widget-wrap elementor-element-populated\">\n\t\t\t\t\t\t<div class=\"elementor-element elementor-element-2538851 upk-item-match-height--yes upk-navigation-type-arrows upk-carousel-style-carousel elementor-widget elementor-widget-upk-alter-carousel\" data-id=\"2538851\" data-element_type=\"widget\" data-e-type=\"widget\" data-widget_type=\"upk-alter-carousel.default\">\n\t\t\t\t<div class=\"elementor-widget-container\">\n\t\t\t\t\t\t\t<div id=\"upk-alter-carousel-2538851\" class=\"upk-alter-carousel upk-arrows-align-center\" data-settings=\"{&quot;autoplay&quot;:{&quot;delay&quot;:5000},&quot;loop&quot;:true,&quot;speed&quot;:800,&quot;slidesPerView&quot;:1,&quot;slidesPerGroup&quot;:1,&quot;effect&quot;:&quot;carousel&quot;,&quot;direction&quot;:&quot;horizontal&quot;,&quot;watchSlidesVisibility&quot;:true,&quot;watchSlidesProgress&quot;:true,&quot;breakpoints&quot;:{&quot;767&quot;:{&quot;slidesPerView&quot;:2,&quot;spaceBetween&quot;:0,&quot;slidesPerGroup&quot;:1},&quot;1023&quot;:{&quot;slidesPerView&quot;:3,&quot;spaceBetween&quot;:20,&quot;slidesPerGroup&quot;:1}},&quot;navigation&quot;:{&quot;nextEl&quot;:&quot;#upk-alter-carousel-2538851 .upk-navigation-next&quot;,&quot;prevEl&quot;:&quot;#upk-alter-carousel-2538851 .upk-navigation-prev&quot;},&quot;pagination&quot;:{&quot;el&quot;:&quot;#upk-alter-carousel-2538851 .swiper-pagination&quot;,&quot;type&quot;:&quot;&quot;,&quot;clickable&quot;:&quot;true&quot;,&quot;dynamicBullets&quot;:false},&quot;scrollbar&quot;:{&quot;el&quot;:&quot;#upk-alter-carousel-2538851 .swiper-scrollbar&quot;,&quot;hide&quot;:&quot;true&quot;},&quot;coverflowEffect&quot;:{&quot;rotate&quot;:50,&quot;stretch&quot;:0,&quot;depth&quot;:100,&quot;modifier&quot;:1,&quot;slideShadows&quot;:true}}\">\n\t\t\t<div class=\"upk-post-grid\">\n\t\t\t\t<div class=\"swiper-carousel swiper\">\n\t\t\t\t\t<div class=\"swiper-wrapper\">\n\t\t\t\t\t\t\t\t\t\t\t<div class=\"upk-item swiper-slide\">\n\t\t\t\t\t\t\t<div class=\"upk-item-box\">\n\t\t\t\t\t\t\t\t<div class=\"upk-img-wrap\">\n\t\t\t\t\t\t\t\t\t<div class=\"upk-main-img\">\n\t\t\t\t\t\t\t\t\t\t<img decoding=\"async\" width=\"1600\" height=\"1066\" src=\"https:\/\/www.centrohipicoguia.pt\/novo\/wp-content\/uploads\/2024\/04\/IMG-20240409-WA0024.jpg\" class=\"upk-img\" alt=\"Teste Evento\" srcset=\"https:\/\/www.centrohipicoguia.pt\/novo\/wp-content\/uploads\/2024\/04\/IMG-20240409-WA0024.jpg 1600w, https:\/\/www.centrohipicoguia.pt\/novo\/wp-content\/uploads\/2024\/04\/IMG-20240409-WA0024-300x200.jpg 300w, https:\/\/www.centrohipicoguia.pt\/novo\/wp-content\/uploads\/2024\/04\/IMG-20240409-WA0024-1024x682.jpg 1024w, https:\/\/www.centrohipicoguia.pt\/novo\/wp-content\/uploads\/2024\/04\/IMG-20240409-WA0024-768x512.jpg 768w, https:\/\/www.centrohipicoguia.pt\/novo\/wp-content\/uploads\/2024\/04\/IMG-20240409-WA0024-1536x1023.jpg 1536w\" sizes=\"(max-width: 1600px) 100vw, 1600px\" \/>\t\t\t\t\t\t\t\t\t\t\t\t\t\t\t\t\t\t\t\t\t\t\t\t\t\t\t\t\t<\/div>\n\t\t\t\t\t\t\t\t<\/div>\n\n\t\t\t\t\t\t\t\t<div class=\"upk-content\">\n\t\t\t\t\t\t\t\t\t<div>\n\t\t\t\t\t\t\t\t\t\t\t\t\t\t\t\t\t\t\t\t<h3 class=\"upk-title\"><a href=\"https:\/\/www.centrohipicoguia.pt\/novo\/teste-evento\/\" title=\"Teste Evento\" class=\"title-animation-underline\" aria-label=\"Teste Evento\">Teste Evento<\/a><\/h3>\n\t\t\t\t\t\t\t\t\t\t<div class=\"upk-text-wrap\">\n\t\t\t\t\t\t\t\t\t\t\t\t\t<div class=\"upk-text\">\n\t\t\t<p>Este texto \u00e9 apenas um exemplo para desmonstra\u00e7\u00e3o.<\/p>\n\t\t<\/div>\n\t\t\t\t\t\t\t\t\t\t\t\t\t\t\t\t\t\t\t\t\t\t\t<\/div>\n\n\t\t\t\t\t\t\t\t\t\t\t\t\t\t\t\t\t\t\t\t\t<div class=\"upk-meta\">\n\t\t\t\t\t\t\t\t\t\t\t\t\t\t\t\t\t\t\t\n\t\t\t\t\t\t\t\t\t\t\t\t\t\t\t\t\t\t\t\t\t\t\t\t\t<div data-separator=\"\">\n\t\t\t\t\t\t\t\t\t\t\t\t\t\t\t\t<div class=\"upk-date\">\n\t\t\tJulho 22, 2024\t\t<\/div>\n\n\t\t\t\t\t\t\t\t\t\t\t\t\t\t\t\t<\/div>\n\t\t\t\t\t\t\t\t\t\t\t\t\n\t\t\t\t\t\t\t\t\t\t\t\t\t\t\t\t\t\t\t\t\t\t\t<\/div>\n\t\t\t\t\t\t\t\t\t\t\n\t\t\t\t\t\t\t\t\t<\/div>\n\t\t\t\t\t\t\t\t<\/div>\n\t\t\t\t\t\t\t<\/div>\n\t\t\t\t\t\t<\/div>\n\t\t\t\t\t\t\t\t\t\t<div class=\"upk-item swiper-slide\">\n\t\t\t\t\t\t\t<div class=\"upk-item-box\">\n\t\t\t\t\t\t\t\t<div class=\"upk-img-wrap\">\n\t\t\t\t\t\t\t\t\t<div class=\"upk-main-img\">\n\t\t\t\t\t\t\t\t\t\t<img decoding=\"async\" width=\"1600\" height=\"1067\" src=\"https:\/\/www.centrohipicoguia.pt\/novo\/wp-content\/uploads\/2024\/04\/IMG-20240409-WA0025.jpg\" class=\"upk-img\" alt=\"Noticia Bodo\" srcset=\"https:\/\/www.centrohipicoguia.pt\/novo\/wp-content\/uploads\/2024\/04\/IMG-20240409-WA0025.jpg 1600w, https:\/\/www.centrohipicoguia.pt\/novo\/wp-content\/uploads\/2024\/04\/IMG-20240409-WA0025-300x200.jpg 300w, https:\/\/www.centrohipicoguia.pt\/novo\/wp-content\/uploads\/2024\/04\/IMG-20240409-WA0025-1024x683.jpg 1024w, https:\/\/www.centrohipicoguia.pt\/novo\/wp-content\/uploads\/2024\/04\/IMG-20240409-WA0025-768x512.jpg 768w, https:\/\/www.centrohipicoguia.pt\/novo\/wp-content\/uploads\/2024\/04\/IMG-20240409-WA0025-1536x1024.jpg 1536w\" sizes=\"(max-width: 1600px) 100vw, 1600px\" \/>\t\t\t\t\t\t\t\t\t\t\t\t\t\t\t\t\t\t\t\t\t\t\t\t\t\t\t\t\t<\/div>\n\t\t\t\t\t\t\t\t<\/div>\n\n\t\t\t\t\t\t\t\t<div class=\"upk-content\">\n\t\t\t\t\t\t\t\t\t<div>\n\t\t\t\t\t\t\t\t\t\t\t\t\t\t\t\t\t\t\t\t<h3 class=\"upk-title\"><a href=\"https:\/\/www.centrohipicoguia.pt\/novo\/noticia-bodo\/\" title=\"Noticia Bodo\" class=\"title-animation-underline\" aria-label=\"Noticia Bodo\">Noticia Bodo<\/a><\/h3>\n\t\t\t\t\t\t\t\t\t\t<div class=\"upk-text-wrap\">\n\t\t\t\t\t\t\t\t\t\t\t\t\t<div class=\"upk-text\">\n\t\t\t<p>Titulo de Not\u00edcia Lorem ipsum dolor sit amet, consectetur adipiscing elit. Ut elit tellus, luctus nec ullamcorper mattis, pulvinar dapibus<\/p>\n\t\t<\/div>\n\t\t\t\t\t\t\t\t\t\t\t\t\t\t\t\t\t\t\t\t\t\t\t<\/div>\n\n\t\t\t\t\t\t\t\t\t\t\t\t\t\t\t\t\t\t\t\t\t<div class=\"upk-meta\">\n\t\t\t\t\t\t\t\t\t\t\t\t\t\t\t\t\t\t\t\n\t\t\t\t\t\t\t\t\t\t\t\t\t\t\t\t\t\t\t\t\t\t\t\t\t<div data-separator=\"\">\n\t\t\t\t\t\t\t\t\t\t\t\t\t\t\t\t<div class=\"upk-date\">\n\t\t\tJulho 19, 2024\t\t<\/div>\n\n\t\t\t\t\t\t\t\t\t\t\t\t\t\t\t\t<\/div>\n\t\t\t\t\t\t\t\t\t\t\t\t\n\t\t\t\t\t\t\t\t\t\t\t\t\t\t\t\t\t\t\t\t\t\t\t<\/div>\n\t\t\t\t\t\t\t\t\t\t\n\t\t\t\t\t\t\t\t\t<\/div>\n\t\t\t\t\t\t\t\t<\/div>\n\t\t\t\t\t\t\t<\/div>\n\t\t\t\t\t\t<\/div>\n\t\t\t\t\t\t\t\t\t\t<div class=\"upk-item swiper-slide\">\n\t\t\t\t\t\t\t<div class=\"upk-item-box\">\n\t\t\t\t\t\t\t\t<div class=\"upk-img-wrap\">\n\t\t\t\t\t\t\t\t\t<div class=\"upk-main-img\">\n\t\t\t\t\t\t\t\t\t\t<img decoding=\"async\" class=\"upk-img\" src=\"https:\/\/www.centrohipicoguia.pt\/novo\/wp-content\/plugins\/elementor\/assets\/images\/placeholder.png\" alt=\"Poule de Obst\u00e1culos CHG\">\t\t\t\t\t\t\t\t\t\t\t\t\t\t\t\t\t\t\t\t\t\t\t\t\t\t\t\t\t<\/div>\n\t\t\t\t\t\t\t\t<\/div>\n\n\t\t\t\t\t\t\t\t<div class=\"upk-content\">\n\t\t\t\t\t\t\t\t\t<div>\n\t\t\t\t\t\t\t\t\t\t\t\t\t\t\t\t\t\t\t\t<h3 class=\"upk-title\"><a href=\"https:\/\/www.centrohipicoguia.pt\/novo\/elementor-4392\/\" title=\"Poule de Obst\u00e1culos CHG\" class=\"title-animation-underline\" aria-label=\"Poule de Obst\u00e1culos CHG\">Poule de Obst\u00e1culos CHG<\/a><\/h3>\n\t\t\t\t\t\t\t\t\t\t<div class=\"upk-text-wrap\">\n\t\t\t\t\t\t\t\t\t\t\t\t\t<div class=\"upk-text\">\n\t\t\t<p>Dia 25 de abril todos os caminhos v\u00e3o dar ao CHG<\/p>\n<p>Venha passar um feriado diferente, junte-se a n\u00f3s!<\/p>\n\t\t<\/div>\n\t\t\t\t\t\t\t\t\t\t\t\t\t\t\t\t\t\t\t\t\t\t\t<\/div>\n\n\t\t\t\t\t\t\t\t\t\t\t\t\t\t\t\t\t\t\t\t\t<div class=\"upk-meta\">\n\t\t\t\t\t\t\t\t\t\t\t\t\t\t\t\t\t\t\t\n\t\t\t\t\t\t\t\t\t\t\t\t\t\t\t\t\t\t\t\t\t\t\t\t\t<div data-separator=\"\">\n\t\t\t\t\t\t\t\t\t\t\t\t\t\t\t\t<div class=\"upk-date\">\n\t\t\tAbril 10, 2024\t\t<\/div>\n\n\t\t\t\t\t\t\t\t\t\t\t\t\t\t\t\t<\/div>\n\t\t\t\t\t\t\t\t\t\t\t\t\n\t\t\t\t\t\t\t\t\t\t\t\t\t\t\t\t\t\t\t\t\t\t\t<\/div>\n\t\t\t\t\t\t\t\t\t\t\n\t\t\t\t\t\t\t\t\t<\/div>\n\t\t\t\t\t\t\t\t<\/div>\n\t\t\t\t\t\t\t<\/div>\n\t\t\t\t\t\t<\/div>\n\t\t\t\t\t\t<\/div>\n\t\t\t\t<\/div>\n\t\t\n\t\t\t\t\t\t\t\t\t\t\t<div class=\"upk-position-z-index upk-position-center upk-visible@m\">\n\t\t\t\t<div class=\"upk-arrows-container upk-slidenav-container\">\n\t\t\t\t\t<div class=\"upk-navigation-prev\">\n\t\t\t\t\t\t<i class=\"upk-icon-arrow-left-4\" aria-hidden=\"true\"><\/i>\n\t\t\t\t\t<\/div>\n\t\t\t\t\t<div class=\"upk-navigation-next\">\n\t\t\t\t\t\t<i class=\"upk-icon-arrow-right-4\" aria-hidden=\"true\"><\/i>\n\t\t\t\t\t<\/div>\n\t\t\t\t<\/div>\n\t\t\t<\/div>\n\t\t\t\t\n\t\t<\/div>\n\t\t<\/div>\n\t\t\t\t\t\t<\/div>\n\t\t\t\t<\/div>\n\t\t\t\t\t<\/div>\n\t\t<\/div>\n\t\t\t\t\t<\/div>\n\t\t<\/section>\n\t\t\t\t\t<\/div>\n\t\t<\/div>\n\t\t\t\t\t<\/div>\n\t\t<\/section>\n\t\t\t\t<section class=\"elementor-section elementor-top-section elementor-element elementor-element-7f8cdf5 elementor-section-boxed elementor-section-height-default elementor-section-height-default\" data-id=\"7f8cdf5\" data-element_type=\"section\" data-e-type=\"section\" data-settings=\"{&quot;background_background&quot;:&quot;classic&quot;}\">\n\t\t\t\t\t\t<div class=\"elementor-container elementor-column-gap-default\">\n\t\t\t\t\t<div class=\"elementor-column elementor-col-100 elementor-top-column elementor-element elementor-element-01bbfe2 animated-slow elementor-invisible\" data-id=\"01bbfe2\" data-element_type=\"column\" data-e-type=\"column\" data-settings=\"{&quot;animation&quot;:&quot;fadeInLeft&quot;}\">\n\t\t\t<div class=\"elementor-widget-wrap elementor-element-populated\">\n\t\t\t\t\t\t<div class=\"elementor-element elementor-element-f72d633 elementor-widget elementor-widget-heading\" data-id=\"f72d633\" data-element_type=\"widget\" data-e-type=\"widget\" data-widget_type=\"heading.default\">\n\t\t\t\t<div class=\"elementor-widget-container\">\n\t\t\t\t\t<h3 class=\"elementor-heading-title elementor-size-default\">Para mais informa\u00e7\u00f5es entre em contacto connosco!<\/h3>\t\t\t\t<\/div>\n\t\t\t\t<\/div>\n\t\t\t\t<div class=\"elementor-element elementor-element-bc3bd09 elementor-widget elementor-widget-text-editor\" data-id=\"bc3bd09\" data-element_type=\"widget\" data-e-type=\"widget\" data-widget_type=\"text-editor.default\">\n\t\t\t\t<div class=\"elementor-widget-container\">\n\t\t\t\t\t\t\t\t\t<p>Saiba como em baixo ou&nbsp;<a href=\"https:\/\/www.centrohipicoguia.pt\/novo\/contactos\/\">Contactos<\/a><\/p>\t\t\t\t\t\t\t\t<\/div>\n\t\t\t\t<\/div>\n\t\t\t\t\t<\/div>\n\t\t<\/div>\n\t\t\t\t\t<\/div>\n\t\t<\/section>\n\t\t\t\t<\/div>\n\t\t","protected":false},"excerpt":{"rendered":"<p>Not\u00edcias \u00daltimos acontecimentos Noticia Teste September 21, 2023 Pr\u00f3ximos Eventos Poule de Obst\u00e1culos CHG Dia 25 de abril todos os caminhos v\u00e3o dar ao CHG Venha passar um feriado diferente, junte-se a n\u00f3s! April 10, 2024 Para mais informa\u00e7\u00f5es entre em contacto connosco! Saiba como em baixo ou&nbsp;Contactos<\/p>\n","protected":false},"author":2,"featured_media":0,"parent":0,"menu_order":0,"comment_status":"closed","ping_status":"closed","template":"","meta":{"site-sidebar-layout":"no-sidebar","site-content-layout":"page-builder","ast-site-content-layout":"default","site-content-style":"default","site-sidebar-style":"default","ast-global-header-display":"","ast-banner-title-visibility":"","ast-main-header-display":"","ast-hfb-above-header-display":"","ast-hfb-below-header-display":"","ast-hfb-mobile-header-display":"","site-post-title":"disabled","ast-breadcrumbs-content":"","ast-featured-img":"disabled","footer-sml-layout":"","ast-disable-related-posts":"","theme-transparent-header-meta":"enabled","adv-header-id-meta":"","stick-header-meta":"","header-above-stick-meta":"","header-main-stick-meta":"","header-below-stick-meta":"","astra-migrate-meta-layouts":"default","ast-page-background-enabled":"default","ast-page-background-meta":{"desktop":{"background-color":"var(--ast-global-color-4)","background-image":"","background-repeat":"repeat","background-position":"center center","background-size":"auto","background-attachment":"scroll","background-type":"","background-media":"","overlay-type":"","overlay-color":"","overlay-opacity":"","overlay-gradient":""},"tablet":{"background-color":"","background-image":"","background-repeat":"repeat","background-position":"center center","background-size":"auto","background-attachment":"scroll","background-type":"","background-media":"","overlay-type":"","overlay-color":"","overlay-opacity":"","overlay-gradient":""},"mobile":{"background-color":"","background-image":"","background-repeat":"repeat","background-position":"center center","background-size":"auto","background-attachment":"scroll","background-type":"","background-media":"","overlay-type":"","overlay-color":"","overlay-opacity":"","overlay-gradient":""}},"ast-content-background-meta":{"desktop":{"background-color":"var(--ast-global-color-5)","background-image":"","background-repeat":"repeat","background-position":"center center","background-size":"auto","background-attachment":"scroll","background-type":"","background-media":"","overlay-type":"","overlay-color":"","overlay-opacity":"","overlay-gradient":""},"tablet":{"background-color":"var(--ast-global-color-5)","background-image":"","background-repeat":"repeat","background-position":"center center","background-size":"auto","background-attachment":"scroll","background-type":"","background-media":"","overlay-type":"","overlay-color":"","overlay-opacity":"","overlay-gradient":""},"mobile":{"background-color":"var(--ast-global-color-5)","background-image":"","background-repeat":"repeat","background-position":"center center","background-size":"auto","background-attachment":"scroll","background-type":"","background-media":"","overlay-type":"","overlay-color":"","overlay-opacity":"","overlay-gradient":""}},"footnotes":""},"class_list":["post-2047","page","type-page","status-publish","hentry"],"_links":{"self":[{"href":"https:\/\/www.centrohipicoguia.pt\/novo\/wp-json\/wp\/v2\/pages\/2047","targetHints":{"allow":["GET"]}}],"collection":[{"href":"https:\/\/www.centrohipicoguia.pt\/novo\/wp-json\/wp\/v2\/pages"}],"about":[{"href":"https:\/\/www.centrohipicoguia.pt\/novo\/wp-json\/wp\/v2\/types\/page"}],"author":[{"embeddable":true,"href":"https:\/\/www.centrohipicoguia.pt\/novo\/wp-json\/wp\/v2\/users\/2"}],"replies":[{"embeddable":true,"href":"https:\/\/www.centrohipicoguia.pt\/novo\/wp-json\/wp\/v2\/comments?post=2047"}],"version-history":[{"count":6,"href":"https:\/\/www.centrohipicoguia.pt\/novo\/wp-json\/wp\/v2\/pages\/2047\/revisions"}],"predecessor-version":[{"id":4765,"href":"https:\/\/www.centrohipicoguia.pt\/novo\/wp-json\/wp\/v2\/pages\/2047\/revisions\/4765"}],"wp:attachment":[{"href":"https:\/\/www.centrohipicoguia.pt\/novo\/wp-json\/wp\/v2\/media?parent=2047"}],"curies":[{"name":"wp","href":"https:\/\/api.w.org\/{rel}","templated":true}]}}